{"id":1594,"date":"2023-01-09T13:19:51","date_gmt":"2023-01-09T12:19:51","guid":{"rendered":"https:\/\/tellingerandfresk.com\/?page_id=1594"},"modified":"2024-11-10T20:43:37","modified_gmt":"2024-11-10T19:43:37","slug":"between-berlin-bebop","status":"publish","type":"page","link":"https:\/\/tellingerandfresk.com\/af\/between-berlin-bebop\/","title":{"rendered":"Between Berlin &#038; Bebop"},"content":{"rendered":"<p>Here&#8217;s a collage of Irving Berlin&#8217;s songs from our &#8220;Between Berlin &amp; Bebop&#8221; show, which we performed at Prague&#8217;s Jazz Dock on March 3rd. It was such a pleasure to work with such talented colleagues! Between Berlin &amp; Bebop featured Taras Voloscuk on bass, Osian Roberts on tenor sax, Martin \u0160ulc on drums, trombonist P\u0159emysl Tom\u0161\u00ed\u010dek, and Martin J\u016fzl on trumpet. We are planning on touring this show, to spotlight America&#8217;s greatest songwriter, Irving Berlin. Contact us a info@tellingerandfresk.com for more information.<\/p>\n\n\n\n<figure class=\"wp-block-embed is-type-rich is-provider-embed-handler wp-block-embed-embed-handler wp-embed-aspect-16-9 wp-has-aspect-ratio\"><div class=\"wp-block-embed__wrapper\">\n<iframe loading=\"lazy\" title=\"Between Berlin &amp; Bebop Collage\" width=\"720\" height=\"405\" src=\"https:\/\/www.youtube.com\/embed\/k94zP1yTS8M?feature=oembed\" frameborder=\"0\" allow=\"accelerometer; autoplay; clipboard-write; encrypted-media; gyroscope; picture-in-picture; web-share\" referrerpolicy=\"strict-origin-when-cross-origin\" allowfullscreen><\/iframe>\n<\/div><\/figure>\n\n\n\n<figure class=\"wp-block-image size-large\"><img loading=\"lazy\" decoding=\"async\" width=\"1024\" height=\"768\" src=\"https:\/\/tellingerandfresk.com\/wp-content\/uploads\/2024\/05\/Between-Berlin-Bebop-Jazz-Dock-8-July-2024-Web-Facebook-1024x768.png\" alt=\"\" class=\"wp-image-1812\" srcset=\"https:\/\/tellingerandfresk.com\/wp-content\/uploads\/2024\/05\/Between-Berlin-Bebop-Jazz-Dock-8-July-2024-Web-Facebook-1024x768.png 1024w, https:\/\/tellingerandfresk.com\/wp-content\/uploads\/2024\/05\/Between-Berlin-Bebop-Jazz-Dock-8-July-2024-Web-Facebook-300x225.png 300w, https:\/\/tellingerandfresk.com\/wp-content\/uploads\/2024\/05\/Between-Berlin-Bebop-Jazz-Dock-8-July-2024-Web-Facebook-768x576.png 768w, https:\/\/tellingerandfresk.com\/wp-content\/uploads\/2024\/05\/Between-Berlin-Bebop-Jazz-Dock-8-July-2024-Web-Facebook-1536x1152.png 1536w, https:\/\/tellingerandfresk.com\/wp-content\/uploads\/2024\/05\/Between-Berlin-Bebop-Jazz-Dock-8-July-2024-Web-Facebook-16x12.png 16w, https:\/\/tellingerandfresk.com\/wp-content\/uploads\/2024\/05\/Between-Berlin-Bebop-Jazz-Dock-8-July-2024-Web-Facebook.png 2000w\" sizes=\"auto, (max-width: 1024px) 100vw, 1024px\" \/><\/figure>\n\n\n\n<p><em>\u201cIrving Berlin is the greatest songwriter that has ever lived. He has had a greater influence on American music than any other one man. By freeing American song, and by introducing and perfecting Ragtime, he was the first to sow the seeds of an American music.\u201d<\/em>&nbsp;\u2013 George Gershwin.<\/p>\n\n\n\n<p>Irving Berlin\u2019s is the epitome of the American success story.&nbsp;He remains the most prolific of all American composers, whose career spanned 60 years, writing an estimated 1500 songs, many of which are still heard and played a century later.<\/p>\n\n\n\n<p>American jazz pianist and arranger John Fresk and Czech\/South African singer Barbora Tellinger have created a project which aims to bring together jazz musicians from across the globe in a celebration of Berlin\u2019s music.&nbsp;<\/p>\n\n\n\n<p>Launched with great success on March 3rd 2023 at the Jazz Dock in Prague, Between Berlin &amp; Bebop features Ukranian Taras Voloscuk on bass, Welsh Osian Roberts on tenor sax, Czech drummer and educator Martin \u0160ulc, Czech trombonist and teacher P\u0159emysl Tom\u0161\u00ed\u010dek, and Czech trumpeter Martin J\u016fzl.<\/p>\n\n\n\n<p>The aim of the project \u2013 collaborating with a vast network of American, Czech and global jazz musicians \u2013 is to arrange, perform, and record a wide variety of Berlin\u2019s material over the next few years.<\/p>","protected":false},"excerpt":{"rendered":"<p>Here&#8217;s a collage of Irving Berlin&#8217;s songs from our &#8220;Between Berlin &amp; Bebop&#8221; show, which we performed at Prague&#8217;s Jazz Dock on March 3rd. It was such a pleasure to work with such talented colleagues! Between Berlin &amp; Bebop featured Taras Voloscuk on bass, Osian Roberts on tenor sax, Martin \u0160ulc on drums, trombonist P\u0159emysl [&hellip;]<\/p>\n","protected":false},"author":1,"featured_media":0,"parent":0,"menu_order":0,"comment_status":"closed","ping_status":"closed","template":"","meta":{"footnotes":""},"class_list":["post-1594","page","type-page","status-publish","hentry"],"_links":{"self":[{"href":"https:\/\/tellingerandfresk.com\/af\/wp-json\/wp\/v2\/pages\/1594","targetHints":{"allow":["GET"]}}],"collection":[{"href":"https:\/\/tellingerandfresk.com\/af\/wp-json\/wp\/v2\/pages"}],"about":[{"href":"https:\/\/tellingerandfresk.com\/af\/wp-json\/wp\/v2\/types\/page"}],"author":[{"embeddable":true,"href":"https:\/\/tellingerandfresk.com\/af\/wp-json\/wp\/v2\/users\/1"}],"replies":[{"embeddable":true,"href":"https:\/\/tellingerandfresk.com\/af\/wp-json\/wp\/v2\/comments?post=1594"}],"version-history":[{"count":7,"href":"https:\/\/tellingerandfresk.com\/af\/wp-json\/wp\/v2\/pages\/1594\/revisions"}],"predecessor-version":[{"id":1849,"href":"https:\/\/tellingerandfresk.com\/af\/wp-json\/wp\/v2\/pages\/1594\/revisions\/1849"}],"wp:attachment":[{"href":"https:\/\/tellingerandfresk.com\/af\/wp-json\/wp\/v2\/media?parent=1594"}],"curies":[{"name":"wp","href":"https:\/\/api.w.org\/{rel}","templated":true}]}}